{"id":2594,"date":"2024-10-01T21:23:10","date_gmt":"2024-10-01T21:23:10","guid":{"rendered":"https:\/\/caminodecostaricaguide.com\/?page_id=2594"},"modified":"2024-10-01T21:23:11","modified_gmt":"2024-10-01T21:23:11","slug":"formulaire-de-contact-recu","status":"publish","type":"page","link":"https:\/\/caminodecostaricaguide.com\/fr\/contact-form-received\/","title":{"rendered":"Formulaire de contact re\u00e7u"},"content":{"rendered":"<style>.kb-row-layout-id2594_9b9c8e-0c > .kt-row-column-wrap{align-content:start;}:where(.kb-row-layout-id2594_9b9c8e-0c > .kt-row-column-wrap) > .wp-block-kadence-column{justify-content:start;}.kb-row-layout-id2594_9b9c8e-0c > .kt-row-column-wrap{column-gap:var(--global-kb-gap-md, 2rem);row-gap:var(--global-kb-gap-md, 2rem);max-width:var( --global-content-width, 1290px );padding-left:var(--global-content-edge-padding);padding-right:var(--global-content-edge-padding);padding-top:80px;padding-bottom:80px;grid-template-columns:minmax(0, 1fr);}.kb-row-layout-id2594_9b9c8e-0c > .kt-row-layout-overlay{opacity:0.30;background-image:url('https:\/\/caminodecostaricaguide.com\/wp-content\/uploads\/2024\/09\/texture-1.png');background-size:contain;background-position:center center;background-attachment:scroll;background-repeat:repeat;}@media all and (max-width: 1024px){.kb-row-layout-id2594_9b9c8e-0c > .kt-row-column-wrap{grid-template-columns:minmax(0, 1fr);}}@media all and (max-width: 767px){.kb-row-layout-id2594_9b9c8e-0c > .kt-row-column-wrap{grid-template-columns:minmax(0, 1fr);}}<\/style><div class=\"kb-row-layout-wrap kb-row-layout-id2594_9b9c8e-0c alignnone has-theme-palette4-background-color kt-row-has-bg wp-block-kadence-rowlayout\"><div class=\"kt-row-layout-overlay kt-row-overlay-normal\"><\/div><div class=\"kt-row-column-wrap kt-has-1-columns kt-row-layout-equal kt-tab-layout-inherit kt-mobile-layout-row kt-row-valign-top kb-theme-content-width\">\n<style>.kadence-column2594_2bf4a2-66 > .kt-inside-inner-col,.kadence-column2594_2bf4a2-66 > .kt-inside-inner-col:before{border-top-left-radius:0px;border-top-right-radius:0px;border-bottom-right-radius:0px;border-bottom-left-radius:0px;}.kadence-column2594_2bf4a2-66 > .kt-inside-inner-col{column-gap:var(--global-kb-gap-sm, 1rem);}.kadence-column2594_2bf4a2-66 > .kt-inside-inner-col{flex-direction:column;}.kadence-column2594_2bf4a2-66 > .kt-inside-inner-col > .aligncenter{width:100%;}.kadence-column2594_2bf4a2-66 > .kt-inside-inner-col:before{opacity:0.3;}.kadence-column2594_2bf4a2-66{position:relative;}@media all and (max-width: 1024px){.kadence-column2594_2bf4a2-66 > .kt-inside-inner-col{flex-direction:column;justify-content:center;}}@media all and (max-width: 767px){.kadence-column2594_2bf4a2-66 > .kt-inside-inner-col{flex-direction:column;justify-content:center;}}<\/style>\n<div class=\"wp-block-kadence-column kadence-column2594_2bf4a2-66 inner-column-1\"><div class=\"kt-inside-inner-col\"><style>.wp-block-kadence-advancedheading.kt-adv-heading2594_4a285b-79, .wp-block-kadence-advancedheading.kt-adv-heading2594_4a285b-79[data-kb-block=\"kb-adv-heading2594_4a285b-79\"]{text-align:center;font-style:normal;text-transform:none;}.wp-block-kadence-advancedheading.kt-adv-heading2594_4a285b-79 mark.kt-highlight, .wp-block-kadence-advancedheading.kt-adv-heading2594_4a285b-79[data-kb-block=\"kb-adv-heading2594_4a285b-79\"] mark.kt-highlight{font-style:normal;color:#f76a0c;-webkit-box-decoration-break:clone;box-decoration-break:clone;padding-top:0px;padding-right:0px;padding-bottom:0px;padding-left:0px;}<\/style>\n<h1 class=\"kt-adv-heading2594_4a285b-79 wp-block-kadence-advancedheading has-theme-palette-9-color has-text-color\" data-kb-block=\"kb-adv-heading2594_4a285b-79\">Thank you<\/h1>\n\n\n<style>.wp-block-kadence-advancedheading.kt-adv-heading2594_7e7abd-fd, .wp-block-kadence-advancedheading.kt-adv-heading2594_7e7abd-fd[data-kb-block=\"kb-adv-heading2594_7e7abd-fd\"]{text-align:center;font-style:normal;}.wp-block-kadence-advancedheading.kt-adv-heading2594_7e7abd-fd mark.kt-highlight, .wp-block-kadence-advancedheading.kt-adv-heading2594_7e7abd-fd[data-kb-block=\"kb-adv-heading2594_7e7abd-fd\"] mark.kt-highlight{font-style:normal;color:#f76a0c;-webkit-box-decoration-break:clone;box-decoration-break:clone;padding-top:0px;padding-right:0px;padding-bottom:0px;padding-left:0px;}<\/style>\n<p class=\"kt-adv-heading2594_7e7abd-fd wp-block-kadence-advancedheading has-theme-palette-9-color has-text-color\" data-kb-block=\"kb-adv-heading2594_7e7abd-fd\">Your contact form has been received<\/p>\n<\/div><\/div>\n\n<\/div><\/div>\n\n<style>.kb-row-layout-id2594_866d26-38 > .kt-row-column-wrap{align-content:start;}:where(.kb-row-layout-id2594_866d26-38 > .kt-row-column-wrap) > .wp-block-kadence-column{justify-content:start;}.kb-row-layout-id2594_866d26-38 > .kt-row-column-wrap{column-gap:80px;row-gap:var(--global-kb-gap-md, 2rem);max-width:var( --global-content-width, 1290px );padding-left:var(--global-content-edge-padding);padding-right:var(--global-content-edge-padding);padding-top:80px;padding-bottom:80px;grid-template-columns:minmax(0, 1fr);}.kb-row-layout-id2594_866d26-38 > .kt-row-layout-overlay{opacity:0.30;}@media all and (max-width: 1024px){.kb-row-layout-id2594_866d26-38 > .kt-row-column-wrap{grid-template-columns:minmax(0, 1fr);}}@media all and (max-width: 767px){.kb-row-layout-id2594_866d26-38 > .kt-row-column-wrap{grid-template-columns:minmax(0, 1fr);}}<\/style><div class=\"kb-row-layout-wrap kb-row-layout-id2594_866d26-38 alignnone wp-block-kadence-rowlayout\"><div class=\"kt-row-column-wrap kt-has-1-columns kt-row-layout-equal kt-tab-layout-inherit kt-mobile-layout-row kt-row-valign-top kb-theme-content-width\">\n<style>.kadence-column2594_0ef662-34 > .kt-inside-inner-col,.kadence-column2594_0ef662-34 > .kt-inside-inner-col:before{border-top-left-radius:0px;border-top-right-radius:0px;border-bottom-right-radius:0px;border-bottom-left-radius:0px;}.kadence-column2594_0ef662-34 > .kt-inside-inner-col{column-gap:var(--global-kb-gap-sm, 1rem);}.kadence-column2594_0ef662-34 > .kt-inside-inner-col{flex-direction:column;}.kadence-column2594_0ef662-34 > .kt-inside-inner-col > .aligncenter{width:100%;}.kadence-column2594_0ef662-34 > .kt-inside-inner-col:before{opacity:0.3;}.kadence-column2594_0ef662-34{position:relative;}@media all and (max-width: 1024px){.kadence-column2594_0ef662-34 > .kt-inside-inner-col{flex-direction:column;justify-content:center;}}@media all and (max-width: 767px){.kadence-column2594_0ef662-34 > .kt-inside-inner-col{flex-direction:column;justify-content:center;}}<\/style>\n<div class=\"wp-block-kadence-column kadence-column2594_0ef662-34 inner-column-1\"><div class=\"kt-inside-inner-col\"><style>.wp-block-kadence-advancedheading.kt-adv-heading2594_2ee23a-17, .wp-block-kadence-advancedheading.kt-adv-heading2594_2ee23a-17[data-kb-block=\"kb-adv-heading2594_2ee23a-17\"]{font-style:normal;text-transform:none;}.wp-block-kadence-advancedheading.kt-adv-heading2594_2ee23a-17 mark.kt-highlight, .wp-block-kadence-advancedheading.kt-adv-heading2594_2ee23a-17[data-kb-block=\"kb-adv-heading2594_2ee23a-17\"] mark.kt-highlight{font-style:normal;color:#f76a0c;-webkit-box-decoration-break:clone;box-decoration-break:clone;padding-top:0px;padding-right:0px;padding-bottom:0px;padding-left:0px;}<\/style>\n<h2 class=\"kt-adv-heading2594_2ee23a-17 wp-block-kadence-advancedheading\" data-kb-block=\"kb-adv-heading2594_2ee23a-17\">Thank you! Your contact form has been submitted.<\/h2>\n\n\n\n<p>We&#8217;ve received your inquiry. We will be in touch soon.<\/p>\n<\/div><\/div>\n\n<\/div><\/div>","protected":false},"excerpt":{"rendered":"<p>Merci Votre formulaire de contact a \u00e9t\u00e9 re\u00e7u Merci ! Votre formulaire de contact a \u00e9t\u00e9 envoy\u00e9. Nous avons re\u00e7u votre demande. Nous prendrons contact avec vous dans les plus brefs d\u00e9lais.<\/p>","protected":false},"author":1,"featured_media":0,"parent":0,"menu_order":0,"comment_status":"closed","ping_status":"closed","template":"","meta":{"_acf_changed":false,"_kad_blocks_custom_css":"","_kad_blocks_head_custom_js":"","_kad_blocks_body_custom_js":"","_kad_blocks_footer_custom_js":"","_kadence_starter_templates_imported_post":false,"_kad_post_transparent":"disable","_kad_post_title":"hide","_kad_post_layout":"fullwidth","_kad_post_sidebar_id":"","_kad_post_content_style":"unboxed","_kad_post_vertical_padding":"hide","_kad_post_feature":"hide","_kad_post_feature_position":"","_kad_post_header":false,"_kad_post_footer":false,"_glsr_average":0,"_glsr_ranking":0,"_glsr_reviews":0,"footnotes":""},"class_list":["post-2594","page","type-page","status-publish","hentry"],"acf":[],"taxonomy_info":[],"featured_image_src_large":false,"author_info":{"display_name":"Mateo","author_link":"https:\/\/caminodecostaricaguide.com\/fr\/author\/matt\/"},"comment_info":0,"_links":{"self":[{"href":"https:\/\/caminodecostaricaguide.com\/fr\/wp-json\/wp\/v2\/pages\/2594","targetHints":{"allow":["GET"]}}],"collection":[{"href":"https:\/\/caminodecostaricaguide.com\/fr\/wp-json\/wp\/v2\/pages"}],"about":[{"href":"https:\/\/caminodecostaricaguide.com\/fr\/wp-json\/wp\/v2\/types\/page"}],"author":[{"embeddable":true,"href":"https:\/\/caminodecostaricaguide.com\/fr\/wp-json\/wp\/v2\/users\/1"}],"replies":[{"embeddable":true,"href":"https:\/\/caminodecostaricaguide.com\/fr\/wp-json\/wp\/v2\/comments?post=2594"}],"version-history":[{"count":1,"href":"https:\/\/caminodecostaricaguide.com\/fr\/wp-json\/wp\/v2\/pages\/2594\/revisions"}],"predecessor-version":[{"id":2595,"href":"https:\/\/caminodecostaricaguide.com\/fr\/wp-json\/wp\/v2\/pages\/2594\/revisions\/2595"}],"wp:attachment":[{"href":"https:\/\/caminodecostaricaguide.com\/fr\/wp-json\/wp\/v2\/media?parent=2594"}],"curies":[{"name":"wp","href":"https:\/\/api.w.org\/{rel}","templated":true}]}}